{"id":7862,"date":"2017-01-02T17:38:04","date_gmt":"2017-01-02T16:38:04","guid":{"rendered":"https:\/\/www.chriscorrado.com\/about\/"},"modified":"2025-02-26T10:58:02","modified_gmt":"2025-02-26T09:58:02","slug":"about","status":"publish","type":"page","link":"https:\/\/www.chriscorrado.com\/de\/about\/","title":{"rendered":"\u00dcber mich"},"content":{"rendered":"<div class=\"wpb-content-wrapper\"><p>[vc_row gap=&#8220;35&#8243; css_animation=&#8220;fadeIn&#8220; css=&#8220;.vc_custom_1626881299863{margin-top: 20px !important;}&#8220;][vc_column css_animation=&#8220;none&#8220; width=&#8220;1\/2&#8243;][vc_single_image image=&#8220;9082&#8243; img_size=&#8220;full&#8220; css=&#8220;&#8220;][\/vc_column][vc_column width=&#8220;1\/2&#8243;][vc_column_text]<\/p>\n<h1 class=\"titletext1\"><span style=\"color: #f6e93c;\">Hi! <\/span><br \/>\n<span style=\"color: #f1a33a;\">Ich bin <\/span><span style=\"color: #e9643f;\">Chris Corrado.<\/span><\/h1>\n<h2 class=\"titletext2\" style=\"padding-top: 0;\">Interdisziplinaerer Grafikdesigner &amp; Kuenstler.<\/h2>\n<p>[\/vc_column_text][vc_column_text css=&#8220;&#8220;]Als Grafik-Designer mit Sitz in Deutschland arbeite ich f\u00fcr Kunden rund um den Globus. Meine Expertise umfasst prim\u00e4r Branding, Grafik- und Webdesign sowie Interface Design und die Entwicklung von User Experience Konzepten. Dabei verbinde ich traditionelles Handwerk mit modernen Techniken und integriere meine Leidenschaft f\u00fcr Typografie, Lomografie, Mixed Media Art und Musik in meine Arbeit.<\/p>\n<p>Seit 2004 entwickle ich f\u00fcr Kunden aus Industrie, TV, Musik und Kultur visuelle Identit\u00e4ten, Kampagnen sowie Online- und Printdesigns, die Geschichten erz\u00e4hlen und Marken erlebbar machen. Neben meiner Designarbeit bin ich auch als Musiker und Dozent aktiv und arbeite gelegentlich als freiberuflicher Art Director f\u00fcr Agenturen.[\/vc_column_text][vc_separator css=&#8220;&#8220;][vc_column_text css=&#8220;&#8220;]Essentielle Tools: Figma, Adobe Photoshop \/ Illustrator \/ Indesign, Affinity Publisher \/ Photo \/ Designer, Stift &amp; Papier, iMacs &amp; Wacom Tablets, iPad Pro &amp; Pen.[\/vc_column_text][vc_separator css=&#8220;&#8220;][vc_column_text css=&#8220;&#8220;]Kontakt: <a href=\"&#x6d;&#97;&#105;&#x6c;&#x74;&#111;&#58;&#x68;&#x65;&#108;&#108;&#x6f;&#x40;&#99;&#104;&#x72;&#x69;&#115;&#99;&#x6f;&#x72;&#114;&#97;&#x64;&#x6f;&#46;&#99;&#x6f;&#x6d;\">&#x68;e&#x6c;&#108;o&#x40;&#99;&#x68;&#x72;i&#x73;&#99;o&#x72;&#114;&#x61;&#100;o&#x2e;&#99;o&#x6d;<\/a>[\/vc_column_text][\/vc_column][\/vc_row][vc_row css=&#8220;.vc_custom_1626948565140{margin-top: 80px !important;}&#8220;][vc_column reveal_effect=&#8220;fadeIn&#8220;][vc_icon icon_linea=&#8220;icon-basic-bolt&#8220; color=&#8220;custom&#8220; size=&#8220;lg&#8220; align=&#8220;center&#8220; css_animation=&#8220;none&#8220; custom_color=&#8220;#dbb76b&#8220;][\/vc_column][\/vc_row][vc_row][vc_column reveal_effect=&#8220;fadeIn&#8220;][lab_portfolio_items category_filter=&#8220;no&#8220; columns=&#8220;4&#8243; dynamic_image_height=&#8220;yes&#8220; pagination_type=&#8220;hide&#8220; portfolio_query=&#8220;size:4|order_by:rand|post_type:portfolio&#8220;][\/vc_column][\/vc_row][vc_row css_animation=&#8220;fadeIn&#8220; css=&#8220;.vc_custom_1626948521999{margin-top: 40px !important;}&#8220;][vc_column][vc_icon icon_linea=&#8220;icon-basic-bolt&#8220; color=&#8220;custom&#8220; size=&#8220;lg&#8220; align=&#8220;center&#8220; css_animation=&#8220;none&#8220; custom_color=&#8220;#dbb76b&#8220;][lab_text_autotype typed_text=&#8220;#E-8_JTNDc3BhbiUyMGNsYXNzJTNEJTIybGF1ZnNjaHJpZnQlMjIlM0UlMjBMaWZlJTIwaXMlMjBzaG9ydC4lMjAlMkFMaXZlJTIwaW5zcGlyZWQlMjElM0JIYXZlJTIwc29tZSUyMGZ1biUyMSUzQk1ha2UlMjBzb21ldGhpbmclMjBjcmF6eSUyMSUzQkRvbiUyN3QlMjBqdXN0JTIwd29yayUyQyUyMGNyZWF0ZSUyMSUyQSUzQyUyRnNwYW4lM0U=&#8220; typed_show_options=&#8220;yes&#8220; typed_options_loopcount=&#8220;-1&#8243; typed_options_typespeed=&#8220;20&#8243; typed_options_backspeed=&#8220;30&#8243; typed_options_startdelay=&#8220;500&#8243; typed_options_backdelay=&#8220;1500&#8243; el_class=&#8220;laufschrift-class&#8220;][vc_empty_space height=&#8220;40px&#8220;][\/vc_column][\/vc_row][vc_row][vc_column][\/vc_column][\/vc_row]<\/p>\n<\/div>","protected":false},"excerpt":{"rendered":"<p>[vc_row gap=&#8220;35&#8243; css_animation=&#8220;fadeIn&#8220; css=&#8220;.vc_custom_1626881299863{margin-top: 20px !important;}&#8220;][vc_column css_animation=&#8220;none&#8220; width=&#8220;1\/2&#8243;][vc_single_image image=&#8220;9082&#8243; img_size=&#8220;full&#8220; css=&#8220;&#8220;][\/vc_column][vc_column width=&#8220;1\/2&#8243;][vc_column_text] Hi! Ich bin Chris Corrado. Interdisziplinaerer Grafikdesigner &amp; Kuenstler. [\/vc_column_text][vc_column_text css=&#8220;&#8220;]Als Grafik-Designer mit Sitz in Deutschland arbeite ich f\u00fcr Kunden rund um den Globus. Meine Expertise umfasst prim\u00e4r Branding, Grafik- und Webdesign sowie Interface Design und die Entwicklung von User Experience Konzepten. Dabei&hellip;<\/p>\n","protected":false},"author":1,"featured_media":0,"parent":0,"menu_order":0,"comment_status":"closed","ping_status":"closed","template":"","meta":{"_acf_changed":false,"_monsterinsights_skip_tracking":false,"_monsterinsights_sitenote_active":false,"_monsterinsights_sitenote_note":"","_monsterinsights_sitenote_category":0,"footnotes":""},"folder":[],"class_list":["post-7862","page","type-page","status-publish","hentry"],"acf":[],"yoast_head":"<!-- This site is optimized with the Yoast SEO plugin v27.4 - https:\/\/yoast.com\/product\/yoast-seo-wordpress\/ -->\n<title>\u00dcber mich und meine Arbeit<\/title>\n<meta name=\"description\" content=\"Grafik- und Webdesign, Branding, Interface Design und User Experience Konzepte \u2022 seit 2004 \u2022 Ich verbinde traditionelles Handwerk mit modernen Techniken und integriere meine Leidenschaft f\u00fcr Typografie, Lomografie, Mixed Media Art und Musik in meine Arbeit.\" \/>\n<meta name=\"robots\" content=\"index, follow, max-snippet:-1, max-image-preview:large, max-video-preview:-1\" \/>\n<link rel=\"canonical\" href=\"https:\/\/www.chriscorrado.com\/de\/about\/\" \/>\n<meta property=\"og:locale\" content=\"de_DE\" \/>\n<meta property=\"og:type\" content=\"article\" \/>\n<meta property=\"og:title\" content=\"\u00dcber mich und meine Arbeit\" \/>\n<meta property=\"og:description\" content=\"Grafik- und Webdesign, Branding, Interface Design und User Experience Konzepte \u2022 seit 2004 \u2022 Ich verbinde traditionelles Handwerk mit modernen Techniken und integriere meine Leidenschaft f\u00fcr Typografie, Lomografie, Mixed Media Art und Musik in meine Arbeit.\" \/>\n<meta property=\"og:url\" content=\"https:\/\/www.chriscorrado.com\/de\/about\/\" \/>\n<meta property=\"og:site_name\" content=\"chriscorrado.com\" \/>\n<meta property=\"article:publisher\" content=\"https:\/\/www.facebook.com\/ChrisCorradoWorks\/\" \/>\n<meta property=\"article:modified_time\" content=\"2025-02-26T09:58:02+00:00\" \/>\n<meta property=\"og:image\" content=\"https:\/\/www.chriscorrado.com\/wp-content\/uploads\/2025\/04\/cccom_2025.webp\" \/>\n\t<meta property=\"og:image:width\" content=\"1100\" \/>\n\t<meta property=\"og:image:height\" content=\"540\" \/>\n\t<meta property=\"og:image:type\" content=\"image\/webp\" \/>\n<meta name=\"twitter:card\" content=\"summary_large_image\" \/>\n<meta name=\"twitter:site\" content=\"@corrado_chris\" \/>\n<meta name=\"twitter:label1\" content=\"Gesch\u00e4tzte Lesezeit\" \/>\n\t<meta name=\"twitter:data1\" content=\"2\u00a0Minuten\" \/>\n<script type=\"application\/ld+json\" class=\"yoast-schema-graph\">{\"@context\":\"https:\\\/\\\/schema.org\",\"@graph\":[{\"@type\":\"WebPage\",\"@id\":\"https:\\\/\\\/www.chriscorrado.com\\\/de\\\/about\\\/\",\"url\":\"https:\\\/\\\/www.chriscorrado.com\\\/de\\\/about\\\/\",\"name\":\"\u00dcber mich und meine Arbeit\",\"isPartOf\":{\"@id\":\"https:\\\/\\\/www.chriscorrado.com\\\/de\\\/#website\"},\"datePublished\":\"2017-01-02T16:38:04+00:00\",\"dateModified\":\"2025-02-26T09:58:02+00:00\",\"description\":\"Grafik- und Webdesign, Branding, Interface Design und User Experience Konzepte \u2022 seit 2004 \u2022 Ich verbinde traditionelles Handwerk mit modernen Techniken und integriere meine Leidenschaft f\u00fcr Typografie, Lomografie, Mixed Media Art und Musik in meine Arbeit.\",\"breadcrumb\":{\"@id\":\"https:\\\/\\\/www.chriscorrado.com\\\/de\\\/about\\\/#breadcrumb\"},\"inLanguage\":\"de\",\"potentialAction\":[{\"@type\":\"ReadAction\",\"target\":[\"https:\\\/\\\/www.chriscorrado.com\\\/de\\\/about\\\/\"]}]},{\"@type\":\"BreadcrumbList\",\"@id\":\"https:\\\/\\\/www.chriscorrado.com\\\/de\\\/about\\\/#breadcrumb\",\"itemListElement\":[{\"@type\":\"ListItem\",\"position\":1,\"name\":\"Startseite\",\"item\":\"https:\\\/\\\/www.chriscorrado.com\\\/de\\\/home-2\\\/\"},{\"@type\":\"ListItem\",\"position\":2,\"name\":\"\u00dcber mich\"}]},{\"@type\":\"WebSite\",\"@id\":\"https:\\\/\\\/www.chriscorrado.com\\\/de\\\/#website\",\"url\":\"https:\\\/\\\/www.chriscorrado.com\\\/de\\\/\",\"name\":\"chriscorrado.com\",\"description\":\"grafik \\\/\\\/ design \\\/\\\/ ui\\\/ux\",\"publisher\":{\"@id\":\"https:\\\/\\\/www.chriscorrado.com\\\/de\\\/#\\\/schema\\\/person\\\/e8cfa9df344981de63649367c14a82b5\"},\"alternateName\":\"Chris Corrado\",\"potentialAction\":[{\"@type\":\"SearchAction\",\"target\":{\"@type\":\"EntryPoint\",\"urlTemplate\":\"https:\\\/\\\/www.chriscorrado.com\\\/de\\\/?s={search_term_string}\"},\"query-input\":{\"@type\":\"PropertyValueSpecification\",\"valueRequired\":true,\"valueName\":\"search_term_string\"}}],\"inLanguage\":\"de\"},{\"@type\":[\"Person\",\"Organization\"],\"@id\":\"https:\\\/\\\/www.chriscorrado.com\\\/de\\\/#\\\/schema\\\/person\\\/e8cfa9df344981de63649367c14a82b5\",\"name\":\"Chris Corrado\",\"image\":{\"@type\":\"ImageObject\",\"inLanguage\":\"de\",\"@id\":\"https:\\\/\\\/www.chriscorrado.com\\\/wp-content\\\/uploads\\\/2025\\\/04\\\/cccom_2025.webp\",\"url\":\"https:\\\/\\\/www.chriscorrado.com\\\/wp-content\\\/uploads\\\/2025\\\/04\\\/cccom_2025.webp\",\"contentUrl\":\"https:\\\/\\\/www.chriscorrado.com\\\/wp-content\\\/uploads\\\/2025\\\/04\\\/cccom_2025.webp\",\"width\":1100,\"height\":540,\"caption\":\"Chris Corrado\"},\"logo\":{\"@id\":\"https:\\\/\\\/www.chriscorrado.com\\\/wp-content\\\/uploads\\\/2025\\\/04\\\/cccom_2025.webp\"},\"description\":\"Grafik \\\/\\\/ Design \\\/\\\/ UI\\\/UX\",\"sameAs\":[\"https:\\\/\\\/www.chriscorrado.com\",\"https:\\\/\\\/www.facebook.com\\\/ChrisCorradoWorks\\\/\",\"https:\\\/\\\/www.instagram.com\\\/therealchriscorrado\\\/\",\"https:\\\/\\\/www.linkedin.com\\\/in\\\/ChrisCorradoWorks\\\/\",\"https:\\\/\\\/x.com\\\/corrado_chris\",\"https:\\\/\\\/www.youtube.com\\\/c\\\/chriscorradocom\"]}]}<\/script>\n<!-- \/ Yoast SEO plugin. -->","yoast_head_json":{"title":"\u00dcber mich und meine Arbeit","description":"Grafik- und Webdesign, Branding, Interface Design und User Experience Konzepte \u2022 seit 2004 \u2022 Ich verbinde traditionelles Handwerk mit modernen Techniken und integriere meine Leidenschaft f\u00fcr Typografie, Lomografie, Mixed Media Art und Musik in meine Arbeit.","robots":{"index":"index","follow":"follow","max-snippet":"max-snippet:-1","max-image-preview":"max-image-preview:large","max-video-preview":"max-video-preview:-1"},"canonical":"https:\/\/www.chriscorrado.com\/de\/about\/","og_locale":"de_DE","og_type":"article","og_title":"\u00dcber mich und meine Arbeit","og_description":"Grafik- und Webdesign, Branding, Interface Design und User Experience Konzepte \u2022 seit 2004 \u2022 Ich verbinde traditionelles Handwerk mit modernen Techniken und integriere meine Leidenschaft f\u00fcr Typografie, Lomografie, Mixed Media Art und Musik in meine Arbeit.","og_url":"https:\/\/www.chriscorrado.com\/de\/about\/","og_site_name":"chriscorrado.com","article_publisher":"https:\/\/www.facebook.com\/ChrisCorradoWorks\/","article_modified_time":"2025-02-26T09:58:02+00:00","og_image":[{"width":1100,"height":540,"url":"https:\/\/www.chriscorrado.com\/wp-content\/uploads\/2025\/04\/cccom_2025.webp","type":"image\/webp"}],"twitter_card":"summary_large_image","twitter_site":"@corrado_chris","twitter_misc":{"Gesch\u00e4tzte Lesezeit":"2\u00a0Minuten"},"schema":{"@context":"https:\/\/schema.org","@graph":[{"@type":"WebPage","@id":"https:\/\/www.chriscorrado.com\/de\/about\/","url":"https:\/\/www.chriscorrado.com\/de\/about\/","name":"\u00dcber mich und meine Arbeit","isPartOf":{"@id":"https:\/\/www.chriscorrado.com\/de\/#website"},"datePublished":"2017-01-02T16:38:04+00:00","dateModified":"2025-02-26T09:58:02+00:00","description":"Grafik- und Webdesign, Branding, Interface Design und User Experience Konzepte \u2022 seit 2004 \u2022 Ich verbinde traditionelles Handwerk mit modernen Techniken und integriere meine Leidenschaft f\u00fcr Typografie, Lomografie, Mixed Media Art und Musik in meine Arbeit.","breadcrumb":{"@id":"https:\/\/www.chriscorrado.com\/de\/about\/#breadcrumb"},"inLanguage":"de","potentialAction":[{"@type":"ReadAction","target":["https:\/\/www.chriscorrado.com\/de\/about\/"]}]},{"@type":"BreadcrumbList","@id":"https:\/\/www.chriscorrado.com\/de\/about\/#breadcrumb","itemListElement":[{"@type":"ListItem","position":1,"name":"Startseite","item":"https:\/\/www.chriscorrado.com\/de\/home-2\/"},{"@type":"ListItem","position":2,"name":"\u00dcber mich"}]},{"@type":"WebSite","@id":"https:\/\/www.chriscorrado.com\/de\/#website","url":"https:\/\/www.chriscorrado.com\/de\/","name":"chriscorrado.com","description":"grafik \/\/ design \/\/ ui\/ux","publisher":{"@id":"https:\/\/www.chriscorrado.com\/de\/#\/schema\/person\/e8cfa9df344981de63649367c14a82b5"},"alternateName":"Chris Corrado","potentialAction":[{"@type":"SearchAction","target":{"@type":"EntryPoint","urlTemplate":"https:\/\/www.chriscorrado.com\/de\/?s={search_term_string}"},"query-input":{"@type":"PropertyValueSpecification","valueRequired":true,"valueName":"search_term_string"}}],"inLanguage":"de"},{"@type":["Person","Organization"],"@id":"https:\/\/www.chriscorrado.com\/de\/#\/schema\/person\/e8cfa9df344981de63649367c14a82b5","name":"Chris Corrado","image":{"@type":"ImageObject","inLanguage":"de","@id":"https:\/\/www.chriscorrado.com\/wp-content\/uploads\/2025\/04\/cccom_2025.webp","url":"https:\/\/www.chriscorrado.com\/wp-content\/uploads\/2025\/04\/cccom_2025.webp","contentUrl":"https:\/\/www.chriscorrado.com\/wp-content\/uploads\/2025\/04\/cccom_2025.webp","width":1100,"height":540,"caption":"Chris Corrado"},"logo":{"@id":"https:\/\/www.chriscorrado.com\/wp-content\/uploads\/2025\/04\/cccom_2025.webp"},"description":"Grafik \/\/ Design \/\/ UI\/UX","sameAs":["https:\/\/www.chriscorrado.com","https:\/\/www.facebook.com\/ChrisCorradoWorks\/","https:\/\/www.instagram.com\/therealchriscorrado\/","https:\/\/www.linkedin.com\/in\/ChrisCorradoWorks\/","https:\/\/x.com\/corrado_chris","https:\/\/www.youtube.com\/c\/chriscorradocom"]}]}},"_links":{"self":[{"href":"https:\/\/www.chriscorrado.com\/de\/wp-json\/wp\/v2\/pages\/7862","targetHints":{"allow":["GET"]}}],"collection":[{"href":"https:\/\/www.chriscorrado.com\/de\/wp-json\/wp\/v2\/pages"}],"about":[{"href":"https:\/\/www.chriscorrado.com\/de\/wp-json\/wp\/v2\/types\/page"}],"author":[{"embeddable":true,"href":"https:\/\/www.chriscorrado.com\/de\/wp-json\/wp\/v2\/users\/1"}],"replies":[{"embeddable":true,"href":"https:\/\/www.chriscorrado.com\/de\/wp-json\/wp\/v2\/comments?post=7862"}],"version-history":[{"count":110,"href":"https:\/\/www.chriscorrado.com\/de\/wp-json\/wp\/v2\/pages\/7862\/revisions"}],"predecessor-version":[{"id":9150,"href":"https:\/\/www.chriscorrado.com\/de\/wp-json\/wp\/v2\/pages\/7862\/revisions\/9150"}],"wp:attachment":[{"href":"https:\/\/www.chriscorrado.com\/de\/wp-json\/wp\/v2\/media?parent=7862"}],"wp:term":[{"taxonomy":"folder","embeddable":true,"href":"https:\/\/www.chriscorrado.com\/de\/wp-json\/wp\/v2\/folder?post=7862"}],"curies":[{"name":"wp","href":"https:\/\/api.w.org\/{rel}","templated":true}]}}