{"id":8093,"date":"2022-03-07T10:01:21","date_gmt":"2022-03-07T09:01:21","guid":{"rendered":"https:\/\/www.chriscorrado.com\/lizenzvereinbarung-fuer-schriftarten\/"},"modified":"2022-06-17T10:52:59","modified_gmt":"2022-06-17T08:52:59","slug":"lizenzvereinbarung-fuer-schriftarten","status":"publish","type":"page","link":"https:\/\/www.chriscorrado.com\/de\/lizenzvereinbarung-fuer-schriftarten\/","title":{"rendered":"Lizenzvereinbarung f\u00fcr Schriftarten"},"content":{"rendered":"<div class=\"wpb-content-wrapper\"><p>[vc_row css=&#8220;.vc_custom_1646643520722{margin-bottom: 100px !important;}&#8220;][vc_column][vc_column_text]<\/p>\n<h1>Lizenzvereinbarung f\u00fcr die Nutzung von Antitype-Fonts<\/h1>\n<p>[\/vc_column_text][vc_column_text css=&#8220;.vc_custom_1646643654861{margin-bottom: 50px !important;}&#8220;]<\/p>\n<h3>Desktop-Lizenz<\/h3>\n<ul>\n<li>1 Benutzer<\/li>\n<li>Unbegrenzte kommerzielle Projekte<\/li>\n<li>Unbegrenzte pers\u00f6nliche Projekte<\/li>\n<li>2 Computerinstallation<\/li>\n<li>Nicht monetarisierte soziale Medien (Youtube, Instagram, Facebook): Unbegrenzte Nutzung<\/li>\n<li>Blog: Unbegrenzte Nutzung<\/li>\n<li>Endprodukt zum Verkauf (Produkt \/ Print-Anzeigen \/ digital Impressions \/ Waren): Unbegrenzte Nutzung<\/li>\n<\/ul>\n<h3>Webfont-Lizenz<\/h3>\n<ul>\n<li>1 Webseite<\/li>\n<li>Nur f\u00fcr die Nutzung der Web-App und der Website des Lizenznehmers<\/li>\n<li>Einbetten von Schriftarten mit @font-face<\/li>\n<li>Monatliche Webseitenaufrufe: 100.000 Aufrufe<\/li>\n<\/ul>\n<h3>E-Pub-Lizenz<\/h3>\n<ul>\n<li>E-Book\/Verlag<\/li>\n<li>Unbegrenzt f\u00fcr Publikationen, die f\u00fcr Kindles, iPads oder andere PDF-Reader bestimmt sind<\/li>\n<\/ul>\n<h3>App-\/Spiellizenz<\/h3>\n<ul>\n<li>1 App<\/li>\n<li>1 Spiel<\/li>\n<li>Unbegrenzte App-Ansichten oder Spielansichten<\/li>\n<\/ul>\n<h3>verl\u00e4ngerte Lizenz<\/h3>\n<ul>\n<li>Bis zu 10 Benutzer<\/li>\n<li>Bis zu 10 Computerinstallation<\/li>\n<li>Logoverwendung\/Logotyp<\/li>\n<li>Unbegrenztes kommerzielles und pers\u00f6nliches Projekt<\/li>\n<li>Monetarisierte soziale Medien (YouTube, Instagram, Facebook): Unbegrenzte Nutzung<\/li>\n<li>Blog: Unbegrenzte Nutzung<\/li>\n<li>Endprodukt zum Verkauf (Produkt\/Print-Anzeigen\/Digitale Eindr\u00fccke\/Merchandise): Unbegrenzte Drucke\/Verk\u00e4ufe\/Stk<\/li>\n<li>Unbegrenzte Webseiten<\/li>\n<li>Einbetten von Schriftarten mit @font-face<\/li>\n<li>Monatliche Webseitenaufrufe: Unbegrenzte Aufrufe<\/li>\n<\/ul>\n<h3>Monet\u00e4re Social-Media-Lizenz<\/h3>\n<ul>\n<li>F\u00fcr Youtube, Instagram &amp; Facebook<\/li>\n<li>Unbegrenzte monetarisierte Nutzung sozialer Medien und Veranstaltungsvideos<\/li>\n<\/ul>\n<h3>Serverlizenz<\/h3>\n<ul>\n<li>1 Webseite<\/li>\n<li>Benutzern die Verwendung von Schriftarten gestatten<\/li>\n<li>Unbegrenzte Webviews<\/li>\n<\/ul>\n<h3>Broadcast-Lizenz<\/h3>\n<ul>\n<li>Videos\/Filme<\/li>\n<li>TV\/Motion-Grafik<\/li>\n<li>Unbegrenztes kommerzielles Projekt<\/li>\n<\/ul>\n<h3>Nationale Unternehmenslizenz<\/h3>\n<ul>\n<li>1 Unternehmen\/Marke<\/li>\n<li>Unbegrenzte Benutzer- und Installation<\/li>\n<li>Unbegrenztes kommerzielles Projekt<\/li>\n<li>Unbegrenzte Webansichten<\/li>\n<li>Unbegrenztes Senden<\/li>\n<li>Unbegrenzte soziale Medien und Blogs<\/li>\n<li>Unbegrenzte Apps &amp; Server<\/li>\n<li>Unbegrenztes Endprodukt zum Verkauf<\/li>\n<li>National<\/li>\n<\/ul>\n<h3>Weltweite Unternehmenslizenz<\/h3>\n<ul>\n<li>1 Unternehmen\/Marke<\/li>\n<li>Unbegrenzte Benutzer- und Installation<\/li>\n<li>Unbegrenztes kommerzielles Projekt<\/li>\n<li>Unbegrenzte Webansichten<\/li>\n<li>Unbegrenztes Senden<\/li>\n<li>Unbegrenzte soziale Medien und Blogs<\/li>\n<li>Unbegrenzte Apps &amp; Server<\/li>\n<li>Unbegrenztes Endprodukt zum Verkauf<\/li>\n<li>Weltweit<\/li>\n<\/ul>\n<p>[\/vc_column_text][vc_column_text]ANTITYPE ist eine Marke von <a class=\"\" href=\"https:\/\/www.chriscorrado.com\/de\/\">Chris Corrado<\/a> .[\/vc_column_text][\/vc_column][\/vc_row]<\/p>\n<\/div>","protected":false},"excerpt":{"rendered":"<p>[vc_row css=&#8220;.vc_custom_1646643520722{margin-bottom: 100px !important;}&#8220;][vc_column][vc_column_text] Lizenzvereinbarung f\u00fcr die Nutzung von Antitype-Fonts [\/vc_column_text][vc_column_text css=&#8220;.vc_custom_1646643654861{margin-bottom: 50px !important;}&#8220;] Desktop-Lizenz 1 Benutzer Unbegrenzte kommerzielle Projekte Unbegrenzte pers\u00f6nliche Projekte 2 Computerinstallation Nicht monetarisierte soziale Medien (Youtube, Instagram, Facebook): Unbegrenzte Nutzung Blog: Unbegrenzte Nutzung Endprodukt zum Verkauf (Produkt \/ Print-Anzeigen \/ digital Impressions \/ Waren): Unbegrenzte Nutzung Webfont-Lizenz 1 Webseite Nur f\u00fcr&hellip;<\/p>\n","protected":false},"author":1,"featured_media":0,"parent":0,"menu_order":0,"comment_status":"closed","ping_status":"closed","template":"","meta":{"_acf_changed":false,"_monsterinsights_skip_tracking":false,"_monsterinsights_sitenote_active":false,"_monsterinsights_sitenote_note":"","_monsterinsights_sitenote_category":0,"footnotes":""},"folder":[],"class_list":["post-8093","page","type-page","status-publish","hentry"],"acf":[],"yoast_head":"<!-- This site is optimized with the Yoast SEO plugin v27.4 - https:\/\/yoast.com\/product\/yoast-seo-wordpress\/ -->\n<title>Lizenzvereinbarung f\u00fcr Schriftarten<\/title>\n<meta name=\"description\" content=\"Lizenzvereinbarung f\u00fcr die Nutzung von Antitype-Fonts Desktop-Lizenz 1 Benutzer Unbegrenzte kommerzielle Projekte Unbegrenzte pers\u00f6nliche Projekte 2\" \/>\n<meta name=\"robots\" content=\"noindex, nofollow\" \/>\n<meta property=\"og:locale\" content=\"de_DE\" \/>\n<meta property=\"og:type\" content=\"article\" \/>\n<meta property=\"og:title\" content=\"Lizenzvereinbarung f\u00fcr Schriftarten\" \/>\n<meta property=\"og:description\" content=\"Lizenzvereinbarung f\u00fcr die Nutzung von Antitype-Fonts Desktop-Lizenz 1 Benutzer Unbegrenzte kommerzielle Projekte Unbegrenzte pers\u00f6nliche Projekte 2\" \/>\n<meta property=\"og:url\" content=\"https:\/\/www.chriscorrado.com\/de\/lizenzvereinbarung-fuer-schriftarten\/\" \/>\n<meta property=\"og:site_name\" content=\"chriscorrado.com\" \/>\n<meta property=\"article:publisher\" content=\"https:\/\/www.facebook.com\/ChrisCorradoWorks\/\" \/>\n<meta property=\"article:modified_time\" content=\"2022-06-17T08:52:59+00:00\" \/>\n<meta property=\"og:image\" content=\"https:\/\/www.chriscorrado.com\/wp-content\/uploads\/2025\/04\/cccom_2025.webp\" \/>\n\t<meta property=\"og:image:width\" content=\"1100\" \/>\n\t<meta property=\"og:image:height\" content=\"540\" \/>\n\t<meta property=\"og:image:type\" content=\"image\/webp\" \/>\n<meta name=\"twitter:card\" content=\"summary_large_image\" \/>\n<meta name=\"twitter:site\" content=\"@corrado_chris\" \/>\n<meta name=\"twitter:label1\" content=\"Gesch\u00e4tzte Lesezeit\" \/>\n\t<meta name=\"twitter:data1\" content=\"1\u00a0Minute\" \/>\n<script type=\"application\/ld+json\" class=\"yoast-schema-graph\">{\"@context\":\"https:\\\/\\\/schema.org\",\"@graph\":[{\"@type\":\"WebPage\",\"@id\":\"https:\\\/\\\/www.chriscorrado.com\\\/de\\\/lizenzvereinbarung-fuer-schriftarten\\\/\",\"url\":\"https:\\\/\\\/www.chriscorrado.com\\\/de\\\/lizenzvereinbarung-fuer-schriftarten\\\/\",\"name\":\"Lizenzvereinbarung f\u00fcr Schriftarten\",\"isPartOf\":{\"@id\":\"https:\\\/\\\/www.chriscorrado.com\\\/de\\\/#website\"},\"datePublished\":\"2022-03-07T09:01:21+00:00\",\"dateModified\":\"2022-06-17T08:52:59+00:00\",\"description\":\"Lizenzvereinbarung f\u00fcr die Nutzung von Antitype-Fonts Desktop-Lizenz 1 Benutzer Unbegrenzte kommerzielle Projekte Unbegrenzte pers\u00f6nliche Projekte 2\",\"breadcrumb\":{\"@id\":\"https:\\\/\\\/www.chriscorrado.com\\\/de\\\/lizenzvereinbarung-fuer-schriftarten\\\/#breadcrumb\"},\"inLanguage\":\"de\",\"potentialAction\":[{\"@type\":\"ReadAction\",\"target\":[\"https:\\\/\\\/www.chriscorrado.com\\\/de\\\/lizenzvereinbarung-fuer-schriftarten\\\/\"]}]},{\"@type\":\"BreadcrumbList\",\"@id\":\"https:\\\/\\\/www.chriscorrado.com\\\/de\\\/lizenzvereinbarung-fuer-schriftarten\\\/#breadcrumb\",\"itemListElement\":[{\"@type\":\"ListItem\",\"position\":1,\"name\":\"Startseite\",\"item\":\"https:\\\/\\\/www.chriscorrado.com\\\/de\\\/home-2\\\/\"},{\"@type\":\"ListItem\",\"position\":2,\"name\":\"Lizenzvereinbarung f\u00fcr Schriftarten\"}]},{\"@type\":\"WebSite\",\"@id\":\"https:\\\/\\\/www.chriscorrado.com\\\/de\\\/#website\",\"url\":\"https:\\\/\\\/www.chriscorrado.com\\\/de\\\/\",\"name\":\"chriscorrado.com\",\"description\":\"grafik \\\/\\\/ design \\\/\\\/ ui\\\/ux\",\"publisher\":{\"@id\":\"https:\\\/\\\/www.chriscorrado.com\\\/de\\\/#\\\/schema\\\/person\\\/e8cfa9df344981de63649367c14a82b5\"},\"alternateName\":\"Chris Corrado\",\"potentialAction\":[{\"@type\":\"SearchAction\",\"target\":{\"@type\":\"EntryPoint\",\"urlTemplate\":\"https:\\\/\\\/www.chriscorrado.com\\\/de\\\/?s={search_term_string}\"},\"query-input\":{\"@type\":\"PropertyValueSpecification\",\"valueRequired\":true,\"valueName\":\"search_term_string\"}}],\"inLanguage\":\"de\"},{\"@type\":[\"Person\",\"Organization\"],\"@id\":\"https:\\\/\\\/www.chriscorrado.com\\\/de\\\/#\\\/schema\\\/person\\\/e8cfa9df344981de63649367c14a82b5\",\"name\":\"Chris Corrado\",\"image\":{\"@type\":\"ImageObject\",\"inLanguage\":\"de\",\"@id\":\"https:\\\/\\\/www.chriscorrado.com\\\/wp-content\\\/uploads\\\/2025\\\/04\\\/cccom_2025.webp\",\"url\":\"https:\\\/\\\/www.chriscorrado.com\\\/wp-content\\\/uploads\\\/2025\\\/04\\\/cccom_2025.webp\",\"contentUrl\":\"https:\\\/\\\/www.chriscorrado.com\\\/wp-content\\\/uploads\\\/2025\\\/04\\\/cccom_2025.webp\",\"width\":1100,\"height\":540,\"caption\":\"Chris Corrado\"},\"logo\":{\"@id\":\"https:\\\/\\\/www.chriscorrado.com\\\/wp-content\\\/uploads\\\/2025\\\/04\\\/cccom_2025.webp\"},\"description\":\"Grafik \\\/\\\/ Design \\\/\\\/ UI\\\/UX\",\"sameAs\":[\"https:\\\/\\\/www.chriscorrado.com\",\"https:\\\/\\\/www.facebook.com\\\/ChrisCorradoWorks\\\/\",\"https:\\\/\\\/www.instagram.com\\\/therealchriscorrado\\\/\",\"https:\\\/\\\/www.linkedin.com\\\/in\\\/ChrisCorradoWorks\\\/\",\"https:\\\/\\\/x.com\\\/corrado_chris\",\"https:\\\/\\\/www.youtube.com\\\/c\\\/chriscorradocom\"]}]}<\/script>\n<!-- \/ Yoast SEO plugin. -->","yoast_head_json":{"title":"Lizenzvereinbarung f\u00fcr Schriftarten","description":"Lizenzvereinbarung f\u00fcr die Nutzung von Antitype-Fonts Desktop-Lizenz 1 Benutzer Unbegrenzte kommerzielle Projekte Unbegrenzte pers\u00f6nliche Projekte 2","robots":{"index":"noindex","follow":"nofollow"},"og_locale":"de_DE","og_type":"article","og_title":"Lizenzvereinbarung f\u00fcr Schriftarten","og_description":"Lizenzvereinbarung f\u00fcr die Nutzung von Antitype-Fonts Desktop-Lizenz 1 Benutzer Unbegrenzte kommerzielle Projekte Unbegrenzte pers\u00f6nliche Projekte 2","og_url":"https:\/\/www.chriscorrado.com\/de\/lizenzvereinbarung-fuer-schriftarten\/","og_site_name":"chriscorrado.com","article_publisher":"https:\/\/www.facebook.com\/ChrisCorradoWorks\/","article_modified_time":"2022-06-17T08:52:59+00:00","og_image":[{"width":1100,"height":540,"url":"https:\/\/www.chriscorrado.com\/wp-content\/uploads\/2025\/04\/cccom_2025.webp","type":"image\/webp"}],"twitter_card":"summary_large_image","twitter_site":"@corrado_chris","twitter_misc":{"Gesch\u00e4tzte Lesezeit":"1\u00a0Minute"},"schema":{"@context":"https:\/\/schema.org","@graph":[{"@type":"WebPage","@id":"https:\/\/www.chriscorrado.com\/de\/lizenzvereinbarung-fuer-schriftarten\/","url":"https:\/\/www.chriscorrado.com\/de\/lizenzvereinbarung-fuer-schriftarten\/","name":"Lizenzvereinbarung f\u00fcr Schriftarten","isPartOf":{"@id":"https:\/\/www.chriscorrado.com\/de\/#website"},"datePublished":"2022-03-07T09:01:21+00:00","dateModified":"2022-06-17T08:52:59+00:00","description":"Lizenzvereinbarung f\u00fcr die Nutzung von Antitype-Fonts Desktop-Lizenz 1 Benutzer Unbegrenzte kommerzielle Projekte Unbegrenzte pers\u00f6nliche Projekte 2","breadcrumb":{"@id":"https:\/\/www.chriscorrado.com\/de\/lizenzvereinbarung-fuer-schriftarten\/#breadcrumb"},"inLanguage":"de","potentialAction":[{"@type":"ReadAction","target":["https:\/\/www.chriscorrado.com\/de\/lizenzvereinbarung-fuer-schriftarten\/"]}]},{"@type":"BreadcrumbList","@id":"https:\/\/www.chriscorrado.com\/de\/lizenzvereinbarung-fuer-schriftarten\/#breadcrumb","itemListElement":[{"@type":"ListItem","position":1,"name":"Startseite","item":"https:\/\/www.chriscorrado.com\/de\/home-2\/"},{"@type":"ListItem","position":2,"name":"Lizenzvereinbarung f\u00fcr Schriftarten"}]},{"@type":"WebSite","@id":"https:\/\/www.chriscorrado.com\/de\/#website","url":"https:\/\/www.chriscorrado.com\/de\/","name":"chriscorrado.com","description":"grafik \/\/ design \/\/ ui\/ux","publisher":{"@id":"https:\/\/www.chriscorrado.com\/de\/#\/schema\/person\/e8cfa9df344981de63649367c14a82b5"},"alternateName":"Chris Corrado","potentialAction":[{"@type":"SearchAction","target":{"@type":"EntryPoint","urlTemplate":"https:\/\/www.chriscorrado.com\/de\/?s={search_term_string}"},"query-input":{"@type":"PropertyValueSpecification","valueRequired":true,"valueName":"search_term_string"}}],"inLanguage":"de"},{"@type":["Person","Organization"],"@id":"https:\/\/www.chriscorrado.com\/de\/#\/schema\/person\/e8cfa9df344981de63649367c14a82b5","name":"Chris Corrado","image":{"@type":"ImageObject","inLanguage":"de","@id":"https:\/\/www.chriscorrado.com\/wp-content\/uploads\/2025\/04\/cccom_2025.webp","url":"https:\/\/www.chriscorrado.com\/wp-content\/uploads\/2025\/04\/cccom_2025.webp","contentUrl":"https:\/\/www.chriscorrado.com\/wp-content\/uploads\/2025\/04\/cccom_2025.webp","width":1100,"height":540,"caption":"Chris Corrado"},"logo":{"@id":"https:\/\/www.chriscorrado.com\/wp-content\/uploads\/2025\/04\/cccom_2025.webp"},"description":"Grafik \/\/ Design \/\/ UI\/UX","sameAs":["https:\/\/www.chriscorrado.com","https:\/\/www.facebook.com\/ChrisCorradoWorks\/","https:\/\/www.instagram.com\/therealchriscorrado\/","https:\/\/www.linkedin.com\/in\/ChrisCorradoWorks\/","https:\/\/x.com\/corrado_chris","https:\/\/www.youtube.com\/c\/chriscorradocom"]}]}},"_links":{"self":[{"href":"https:\/\/www.chriscorrado.com\/de\/wp-json\/wp\/v2\/pages\/8093","targetHints":{"allow":["GET"]}}],"collection":[{"href":"https:\/\/www.chriscorrado.com\/de\/wp-json\/wp\/v2\/pages"}],"about":[{"href":"https:\/\/www.chriscorrado.com\/de\/wp-json\/wp\/v2\/types\/page"}],"author":[{"embeddable":true,"href":"https:\/\/www.chriscorrado.com\/de\/wp-json\/wp\/v2\/users\/1"}],"replies":[{"embeddable":true,"href":"https:\/\/www.chriscorrado.com\/de\/wp-json\/wp\/v2\/comments?post=8093"}],"version-history":[{"count":6,"href":"https:\/\/www.chriscorrado.com\/de\/wp-json\/wp\/v2\/pages\/8093\/revisions"}],"predecessor-version":[{"id":8120,"href":"https:\/\/www.chriscorrado.com\/de\/wp-json\/wp\/v2\/pages\/8093\/revisions\/8120"}],"wp:attachment":[{"href":"https:\/\/www.chriscorrado.com\/de\/wp-json\/wp\/v2\/media?parent=8093"}],"wp:term":[{"taxonomy":"folder","embeddable":true,"href":"https:\/\/www.chriscorrado.com\/de\/wp-json\/wp\/v2\/folder?post=8093"}],"curies":[{"name":"wp","href":"https:\/\/api.w.org\/{rel}","templated":true}]}}